{"id":24,"date":"2025-10-02T12:23:20","date_gmt":"2025-10-02T10:23:20","guid":{"rendered":"https:\/\/amerfarma.com\/?page_id=24"},"modified":"2025-10-10T14:42:21","modified_gmt":"2025-10-10T12:42:21","slug":"valor-anadido","status":"publish","type":"page","link":"https:\/\/amerfarma.com\/en\/valor-anadido\/","title":{"rendered":"Added value"},"content":{"rendered":"<p>[et_pb_section fb_built=\u00bb1&#8243; _builder_version=\u00bb4.25.1&#8243; _module_preset=\u00bbdefault\u00bb global_colors_info=\u00bb{}\u00bb][et_pb_row column_structure=\u00bb1_2,1_2&#8243; _builder_version=\u00bb4.25.1&#8243; _module_preset=\u00bbdefault\u00bb max_width=\u00bb1300px\u00bb global_colors_info=\u00bb{}\u00bb][et_pb_column type=\u00bb1_2&#8243; _builder_version=\u00bb4.25.1&#8243; _module_preset=\u00bbdefault\u00bb global_colors_info=\u00bb{}\u00bb][et_pb_text _builder_version=\u00bb4.25.1&#8243; _module_preset=\u00bbdefault\u00bb header_2_font=\u00bb||||||||\u00bb header_2_text_color=\u00bbgcid-primary-color\u00bb header_2_font_size=\u00bb32px\u00bb custom_margin=\u00bb||0px||false|false\u00bb global_colors_info=\u00bb{%22gcid-primary-color%22:%91%22header_2_text_color%22%93}\u00bb]<\/p>\n<h2><strong>Partner en trazabilidad farmac\u00e9utica con control total y transparencia<\/strong><\/h2>\n<p>[\/et_pb_text][et_pb_text _builder_version=\u00bb4.25.1&#8243; _module_preset=\u00bbdefault\u00bb text_font=\u00bb|300|||||||\u00bb text_font_size=\u00bb20px\u00bb text_line_height=\u00bb1.6em\u00bb header_2_text_color=\u00bbgcid-primary-color\u00bb header_2_font_size=\u00bb32px\u00bb global_colors_info=\u00bb{%22gcid-primary-color%22:%91%22header_2_text_color%22%93}\u00bb]<\/p>\n<p>Somos el <strong>socio estrat\u00e9gico<\/strong> de referencia para la <strong>farmacia<\/strong> y el <strong>laboratorio<\/strong> para establecer un v\u00ednculo estrecho entre ambos. Aportamos <strong>datos reales<\/strong> y <strong>trazabilidad<\/strong>, tenemos capacidad de convocatoria y formaci\u00f3n a las farmacias para <strong>mejorar la calidad<\/strong> asistencial mediante la excelencia en la recomendaci\u00f3n directa y cruzada.<\/p>\n<p><strong>Mejoramos las ventas<\/strong> de los laboratorios y la calidad de su presencia en el mercado, siempre de acuerdo con su <strong>estrategia<\/strong>.<\/p>\n<p data-start=\"244\" data-end=\"530\">Nos encargamos de <strong>intermediar<\/strong> de manera transparente entre <strong>farmacias<\/strong> y <strong>laboratorios<\/strong>, buscando siempre condiciones que favorezcan a ambas partes. Nuestra experiencia en negociaci\u00f3n nos permite <strong>asegurar precios<\/strong> competitivos, <strong>plazos de entrega<\/strong> \u00f3ptimos y acuerdos comerciales sostenibles.<\/p>\n<p>[\/et_pb_text][\/et_pb_column][et_pb_column type=\u00bb1_2&#8243; _builder_version=\u00bb4.25.1&#8243; _module_preset=\u00bbdefault\u00bb global_colors_info=\u00bb{}\u00bb][et_pb_image src=\u00bbhttps:\/\/amerfarma.com\/wp-content\/uploads\/2025\/10\/partner-en-trazabilidad-amerfarma.jpg\u00bb title_text=\u00bbpartner-en-trazabilidad-amerfarma\u00bb _builder_version=\u00bb4.25.1&#8243; _module_preset=\u00bbdefault\u00bb global_colors_info=\u00bb{}\u00bb][\/et_pb_image][\/et_pb_column][\/et_pb_row][\/et_pb_section][et_pb_section fb_built=\u00bb1&#8243; custom_padding_last_edited=\u00bbon|tablet\u00bb _builder_version=\u00bb4.25.1&#8243; _module_preset=\u00bbdefault\u00bb background_image=\u00bbhttps:\/\/amerfarma.com\/wp-content\/uploads\/2025\/10\/mejores-condiciones-farmacia-amerfarma.jpg\u00bb parallax=\u00bbon\u00bb custom_padding=\u00bb200px||200px||false|false\u00bb custom_padding_tablet=\u00bb20px||20px||true|false\u00bb custom_padding_phone=\u00bb20px||20px||true|false\u00bb global_colors_info=\u00bb{}\u00bb][et_pb_row _builder_version=\u00bb4.25.1&#8243; _module_preset=\u00bbdefault\u00bb max_width=\u00bb2560px\u00bb global_colors_info=\u00bb{}\u00bb][et_pb_column type=\u00bb4_4&#8243; _builder_version=\u00bb4.25.1&#8243; _module_preset=\u00bbdefault\u00bb global_colors_info=\u00bb{}\u00bb][et_pb_text _builder_version=\u00bb4.25.1&#8243; _module_preset=\u00bbdefault\u00bb text_font=\u00bb&#8211;et_global_heading_font|300|||||||\u00bb text_text_color=\u00bb#FFFFFF\u00bb text_font_size=\u00bb46px\u00bb text_line_height=\u00bb1.1em\u00bb custom_margin=\u00bb||50px||false|false\u00bb custom_margin_tablet=\u00bb||20px||false|false\u00bb custom_margin_phone=\u00bb||20px||false|false\u00bb custom_margin_last_edited=\u00bbon|tablet\u00bb text_font_size_tablet=\u00bb30px\u00bb text_font_size_phone=\u00bb30px\u00bb text_font_size_last_edited=\u00bbon|tablet\u00bb global_colors_info=\u00bb{}\u00bb]<\/p>\n<p style=\"text-align: center;\">Negociamos las <strong>mejores condiciones<\/strong> para la <strong>farmacia<\/strong>.<\/p>\n<p>[\/et_pb_text][et_pb_text _builder_version=\u00bb4.25.1&#8243; _module_preset=\u00bbdefault\u00bb text_font=\u00bb&#8211;et_global_heading_font|300|||||||\u00bb text_text_color=\u00bb#FFFFFF\u00bb text_font_size=\u00bb46px\u00bb text_line_height=\u00bb1.1em\u00bb custom_margin=\u00bb||||false|false\u00bb text_font_size_tablet=\u00bb30px\u00bb text_font_size_phone=\u00bb30px\u00bb text_font_size_last_edited=\u00bbon|tablet\u00bb global_colors_info=\u00bb{}\u00bb]<\/p>\n<p style=\"text-align: center;\">Damos <strong>trazabilidad<\/strong> al <strong>laboratorio<\/strong>.<\/p>\n<p>[\/et_pb_text][\/et_pb_column][\/et_pb_row][\/et_pb_section][et_pb_section fb_built=\u00bb1&#8243; _builder_version=\u00bb4.25.1&#8243; _module_preset=\u00bbdefault\u00bb global_colors_info=\u00bb{}\u00bb][et_pb_row column_structure=\u00bb1_2,1_2&#8243; _builder_version=\u00bb4.25.1&#8243; _module_preset=\u00bbdefault\u00bb max_width=\u00bb1300px\u00bb global_colors_info=\u00bb{}\u00bb][et_pb_column type=\u00bb1_2&#8243; _builder_version=\u00bb4.25.1&#8243; _module_preset=\u00bbdefault\u00bb global_colors_info=\u00bb{}\u00bb][et_pb_text _builder_version=\u00bb4.25.1&#8243; _module_preset=\u00bbdefault\u00bb text_font=\u00bb|300|||||||\u00bb text_font_size=\u00bb20px\u00bb text_line_height=\u00bb1.6em\u00bb global_colors_info=\u00bb{}\u00bb]<\/p>\n<p data-start=\"532\" data-end=\"794\">Gracias a nuestra <strong>plataforma de trazabilidad<\/strong>, el laboratorio dispone de <strong>informaci\u00f3n<\/strong> clara sobre el recorrido de sus productos: desde la <strong>salida de almac\u00e9n<\/strong> hasta la <strong>dispensaci\u00f3n en la farmacia<\/strong>. Esto garantiza seguridad, control de stock y cumplimiento normativo.<\/p>\n<p data-start=\"796\" data-end=\"1082\">A su vez, <strong>apoyamos a las farmacias con formaci\u00f3n y datos de mercado<\/strong> que les ayudan a tomar <strong>mejores decisiones<\/strong> de compra y recomendaci\u00f3n. Este acompa\u00f1amiento contribuye a que los <strong>medicamentos<\/strong> lleguen al <strong>paciente<\/strong> en las mejores condiciones, fortaleciendo la <strong>confianza<\/strong> en toda la cadena.<\/p>\n<p data-start=\"1084\" data-end=\"1307\">De esta forma, convertimos la relaci\u00f3n entre <strong>farmacia<\/strong> y <strong>laboratorio<\/strong> en una verdadera <strong>alianza estrat\u00e9gica<\/strong>, donde la calidad del servicio y la informaci\u00f3n fluida se traducen en <strong>mejores resultados econ\u00f3micos y asistenciales<\/strong>.<\/p>\n<p>[\/et_pb_text][\/et_pb_column][et_pb_column type=\u00bb1_2&#8243; _builder_version=\u00bb4.25.1&#8243; _module_preset=\u00bbdefault\u00bb global_colors_info=\u00bb{}\u00bb][et_pb_image src=\u00bbhttps:\/\/amerfarma.com\/wp-content\/uploads\/2025\/10\/plataforma-de-trazabilidad-amerfarma.jpg\u00bb title_text=\u00bbplataforma-de-trazabilidad-amerfarma\u00bb _builder_version=\u00bb4.25.1&#8243; _module_preset=\u00bbdefault\u00bb global_colors_info=\u00bb{}\u00bb][\/et_pb_image][\/et_pb_column][\/et_pb_row][\/et_pb_section]<\/p>\n","protected":false},"excerpt":{"rendered":"<p>Partner en trazabilidad farmac\u00e9utica con control total y transparenciaSomos el socio estrat\u00e9gico de referencia para la farmacia y el laboratorio para establecer un v\u00ednculo estrecho entre ambos. Aportamos datos reales y trazabilidad, tenemos capacidad de convocatoria y formaci\u00f3n a las farmacias para mejorar la calidad asistencial mediante la excelencia en la recomendaci\u00f3n directa y cruzada. [&hellip;]<\/p>\n","protected":false},"author":1,"featured_media":549,"parent":0,"menu_order":0,"comment_status":"closed","ping_status":"closed","template":"","meta":{"_et_pb_use_builder":"on","_et_pb_old_content":"","_et_gb_content_width":"","footnotes":""},"class_list":["post-24","page","type-page","status-publish","has-post-thumbnail","hentry"],"_links":{"self":[{"href":"https:\/\/amerfarma.com\/en\/wp-json\/wp\/v2\/pages\/24","targetHints":{"allow":["GET"]}}],"collection":[{"href":"https:\/\/amerfarma.com\/en\/wp-json\/wp\/v2\/pages"}],"about":[{"href":"https:\/\/amerfarma.com\/en\/wp-json\/wp\/v2\/types\/page"}],"author":[{"embeddable":true,"href":"https:\/\/amerfarma.com\/en\/wp-json\/wp\/v2\/users\/1"}],"replies":[{"embeddable":true,"href":"https:\/\/amerfarma.com\/en\/wp-json\/wp\/v2\/comments?post=24"}],"version-history":[{"count":31,"href":"https:\/\/amerfarma.com\/en\/wp-json\/wp\/v2\/pages\/24\/revisions"}],"predecessor-version":[{"id":660,"href":"https:\/\/amerfarma.com\/en\/wp-json\/wp\/v2\/pages\/24\/revisions\/660"}],"wp:featuredmedia":[{"embeddable":true,"href":"https:\/\/amerfarma.com\/en\/wp-json\/wp\/v2\/media\/549"}],"wp:attachment":[{"href":"https:\/\/amerfarma.com\/en\/wp-json\/wp\/v2\/media?parent=24"}],"curies":[{"name":"wp","href":"https:\/\/api.w.org\/{rel}","templated":true}]}}