{"id":12,"date":"2025-10-02T12:02:38","date_gmt":"2025-10-02T10:02:38","guid":{"rendered":"https:\/\/amerfarma.com\/?page_id=12"},"modified":"2026-04-24T16:11:55","modified_gmt":"2026-04-24T14:11:55","slug":"amerfarma","status":"publish","type":"page","link":"https:\/\/amerfarma.com\/en\/","title":{"rendered":"Amerfarma"},"content":{"rendered":"<p>[et_pb_section fb_built=\u00bb1&#8243; custom_padding_last_edited=\u00bbon|tablet\u00bb _builder_version=\u00bb4.25.1&#8243; _module_preset=\u00bbdefault\u00bb background_image=\u00bbhttps:\/\/amerfarma.com\/wp-content\/uploads\/2025\/10\/quienes-somos-equipo-amerfarma.jpg\u00bb parallax=\u00bbon\u00bb custom_margin=\u00bb100px||||false|false\u00bb custom_padding=\u00bb130px||130px||true|false\u00bb custom_padding_tablet=\u00bb30px||30px||true|false\u00bb custom_padding_phone=\u00bb30px||30px||true|false\u00bb global_colors_info=\u00bb{}\u00bb][et_pb_row _builder_version=\u00bb4.25.1&#8243; _module_preset=\u00bbdefault\u00bb global_colors_info=\u00bb{}\u00bb][et_pb_column type=\u00bb4_4&#8243; _builder_version=\u00bb4.25.1&#8243; _module_preset=\u00bbdefault\u00bb global_colors_info=\u00bb{}\u00bb][et_pb_text _builder_version=\u00bb4.25.1&#8243; _module_preset=\u00bbdefault\u00bb header_2_font=\u00bb|300|||||||\u00bb header_2_text_align=\u00bbcenter\u00bb header_2_text_color=\u00bb#FFFFFF\u00bb header_2_font_size=\u00bb55px\u00bb custom_margin=\u00bb||0px||false|false\u00bb header_2_font_size_tablet=\u00bb36px\u00bb header_2_font_size_phone=\u00bb36px\u00bb header_2_font_size_last_edited=\u00bbon|tablet\u00bb global_colors_info=\u00bb{}\u00bb]<\/p>\n<h2>QUI\u00c9NES SOMOS<\/h2>\n<p>[\/et_pb_text][et_pb_divider divider_position=\u00bbcenter\u00bb _builder_version=\u00bb4.25.1&#8243; _module_preset=\u00bbdefault\u00bb custom_margin=\u00bb||17px||false|false\u00bb global_colors_info=\u00bb{}\u00bb][\/et_pb_divider][et_pb_button button_url=\u00bbhttps:\/\/amerfarma.com\/quienes-somos\/\u00bb button_text=\u00bbCon\u00f3cenos\u00bb button_alignment=\u00bbcenter\u00bb _builder_version=\u00bb4.25.1&#8243; _module_preset=\u00bbdefault\u00bb global_colors_info=\u00bb{}\u00bb][\/et_pb_button][\/et_pb_column][\/et_pb_row][\/et_pb_section][et_pb_section fb_built=\u00bb1&#8243; _builder_version=\u00bb4.25.1&#8243; _module_preset=\u00bbdefault\u00bb background_color=\u00bbrgba(97,149,62,0.02)\u00bb background_enable_pattern_style=\u00bbon\u00bb background_pattern_style=\u00bbcrosses\u00bb background_pattern_color=\u00bbrgba(97,149,62,0.07)\u00bb background_pattern_size=\u00bbcustom\u00bb background_pattern_width=\u00bb1000px\u00bb background_pattern_height=\u00bb1000px\u00bb background_pattern_repeat_origin=\u00bbtop_right\u00bb background_pattern_horizontal_offset=\u00bb4%\u00bb global_colors_info=\u00bb{}\u00bb][et_pb_row column_structure=\u00bb1_2,1_2&#8243; make_equal=\u00bbon\u00bb _builder_version=\u00bb4.25.1&#8243; _module_preset=\u00bbdefault\u00bb max_width=\u00bb1350px\u00bb custom_padding=\u00bb40px||40px||true|false\u00bb global_colors_info=\u00bb{}\u00bb][et_pb_column type=\u00bb1_2&#8243; module_class=\u00bbidw-vertical-align\u00bb _builder_version=\u00bb4.25.1&#8243; _module_preset=\u00bbdefault\u00bb global_colors_info=\u00bb{}\u00bb][et_pb_image src=\u00bbhttps:\/\/amerfarma.com\/wp-content\/uploads\/2025\/10\/distribuidor-espanol-hospitalario-amerfarma.jpg\u00bb title_text=\u00bbdistribuidor-espanol-hospitalario-amerfarma\u00bb _builder_version=\u00bb4.25.1&#8243; _module_preset=\u00bbdefault\u00bb global_colors_info=\u00bb{}\u00bb][\/et_pb_image][\/et_pb_column][et_pb_column type=\u00bb1_2&#8243; module_class=\u00bbidw-vertical-align\u00bb _builder_version=\u00bb4.25.1&#8243; _module_preset=\u00bbdefault\u00bb global_colors_info=\u00bb{}\u00bb][et_pb_text _builder_version=\u00bb4.27.4&#8243; _module_preset=\u00bbdefault\u00bb header_2_font=\u00bb||||||||\u00bb header_2_text_color=\u00bbgcid-primary-color\u00bb header_2_font_size=\u00bb60px\u00bb header_2_line_height=\u00bb1.1em\u00bb custom_margin=\u00bb||0px||false|false\u00bb link_option_url=\u00bbhttps:\/\/amerfarma.com\/distribuidor-hospitalario\/\u00bb header_2_font_size_tablet=\u00bb36px\u00bb header_2_font_size_phone=\u00bb36px\u00bb header_2_font_size_last_edited=\u00bbon|tablet\u00bb global_colors_info=\u00bb{%22gcid-primary-color%22:%91%22header_2_text_color%22%93}\u00bb]<\/p>\n<h2>Nuestra<br \/>distribuci\u00f3n<\/h2>\n<p>[\/et_pb_text][et_pb_text _builder_version=\u00bb4.27.4&#8243; _module_preset=\u00bbdefault\u00bb text_font=\u00bb||||||||\u00bb text_font_size=\u00bb20px\u00bb text_line_height=\u00bb1.5em\u00bb custom_margin=\u00bb||20px||false|false\u00bb global_colors_info=\u00bb{}\u00bb]<\/p>\n<p>Somos un distribuidor farmac\u00e9utico de referencia en Espa\u00f1a, especializado en llevar medicamentos y vacunas con m\u00e1xima seguridad. Garantizamos trazabilidad, log\u00edstica eficiente y colaboraci\u00f3n estrat\u00e9gica con laboratorios, farmacias y hospitales, asegurando que cada producto llegue puntual y en condiciones \u00f3ptimas a los pacientes.<\/p>\n<p>[\/et_pb_text][et_pb_button button_url=\u00bbhttps:\/\/amerfarma.com\/nuestra-distribucion\/\u00bb button_text=\u00bbqu\u00e9 ofrecemos\u00bb _builder_version=\u00bb4.25.1&#8243; _module_preset=\u00bbdefault\u00bb global_colors_info=\u00bb{}\u00bb][\/et_pb_button][\/et_pb_column][\/et_pb_row][et_pb_row column_structure=\u00bb1_2,1_2&#8243; make_equal=\u00bbon\u00bb _builder_version=\u00bb4.25.1&#8243; _module_preset=\u00bbdefault\u00bb max_width=\u00bb1350px\u00bb custom_padding=\u00bb40px||40px||true|false\u00bb global_colors_info=\u00bb{}\u00bb][et_pb_column type=\u00bb1_2&#8243; module_class=\u00bbidw-vertical-align\u00bb _builder_version=\u00bb4.25.1&#8243; _module_preset=\u00bbdefault\u00bb global_colors_info=\u00bb{}\u00bb][et_pb_text _builder_version=\u00bb4.25.1&#8243; _module_preset=\u00bbdefault\u00bb header_2_font=\u00bb||||||||\u00bb header_2_text_color=\u00bbgcid-primary-color\u00bb header_2_font_size=\u00bb60px\u00bb header_2_line_height=\u00bb1.1em\u00bb text_orientation=\u00bbright\u00bb custom_margin=\u00bb||0px||false|false\u00bb link_option_url=\u00bbhttps:\/\/amerfarma.com\/partner-en-trazabilidad\/\u00bb header_2_text_align_tablet=\u00bbleft\u00bb header_2_text_align_phone=\u00bbleft\u00bb header_2_text_align_last_edited=\u00bbon|tablet\u00bb header_2_font_size_tablet=\u00bb36px\u00bb header_2_font_size_phone=\u00bb36px\u00bb header_2_font_size_last_edited=\u00bbon|tablet\u00bb global_colors_info=\u00bb{%22gcid-primary-color%22:%91%22header_2_text_color%22%93}\u00bb]<\/p>\n<h2>Valor <br \/>a\u00f1adido<\/h2>\n<p>[\/et_pb_text][et_pb_text _builder_version=\u00bb4.25.1&#8243; _module_preset=\u00bbdefault\u00bb text_font=\u00bb||||||||\u00bb text_font_size=\u00bb20px\u00bb text_line_height=\u00bb1.5em\u00bb text_orientation=\u00bbright\u00bb custom_margin=\u00bb||20px||false|false\u00bb text_orientation_tablet=\u00bbleft\u00bb text_orientation_phone=\u00bbleft\u00bb text_orientation_last_edited=\u00bbon|tablet\u00bb global_colors_info=\u00bb{}\u00bb]<\/p>\n<p>Como partner en trazabilidad, ofrecemos a los laboratorios control total sobre el recorrido de sus productos. Aseguramos seguridad, transparencia y cumplimiento normativo, con tecnolog\u00eda avanzada que permite monitorizar cada env\u00edo y garantizar que los medicamentos lleguen en perfecto estado al paciente.<\/p>\n<p>[\/et_pb_text][et_pb_button button_url=\u00bbhttps:\/\/amerfarma.com\/valor-anadido\/\u00bb button_text=\u00bbqu\u00e9 ofrecemos\u00bb button_alignment=\u00bbright\u00bb button_alignment_tablet=\u00bbleft\u00bb button_alignment_phone=\u00bbleft\u00bb button_alignment_last_edited=\u00bbon|tablet\u00bb _builder_version=\u00bb4.25.1&#8243; _module_preset=\u00bbdefault\u00bb global_colors_info=\u00bb{}\u00bb][\/et_pb_button][\/et_pb_column][et_pb_column type=\u00bb1_2&#8243; module_class=\u00bbidw-vertical-align\u00bb _builder_version=\u00bb4.25.1&#8243; _module_preset=\u00bbdefault\u00bb global_colors_info=\u00bb{}\u00bb][et_pb_image src=\u00bbhttps:\/\/amerfarma.com\/wp-content\/uploads\/2025\/10\/partner-en-trazabilidad-amerfarma.jpg\u00bb title_text=\u00bbpartner-en-trazabilidad-amerfarma\u00bb _builder_version=\u00bb4.27.4&#8243; _module_preset=\u00bbdefault\u00bb global_colors_info=\u00bb{}\u00bb][\/et_pb_image][\/et_pb_column][\/et_pb_row][et_pb_row column_structure=\u00bb1_2,1_2&#8243; make_equal=\u00bbon\u00bb _builder_version=\u00bb4.25.1&#8243; _module_preset=\u00bbdefault\u00bb max_width=\u00bb1350px\u00bb custom_padding=\u00bb40px||40px||true|false\u00bb global_colors_info=\u00bb{}\u00bb][et_pb_column type=\u00bb1_2&#8243; module_class=\u00bbidw-vertical-align\u00bb _builder_version=\u00bb4.25.1&#8243; _module_preset=\u00bbdefault\u00bb global_colors_info=\u00bb{}\u00bb][et_pb_image src=\u00bbhttps:\/\/amerfarma.com\/wp-content\/uploads\/2025\/10\/laboratorios-distribucion-amerfarma.jpg\u00bb title_text=\u00bblaboratorios-distribucion-amerfarma\u00bb _builder_version=\u00bb4.25.1&#8243; _module_preset=\u00bbdefault\u00bb global_colors_info=\u00bb{}\u00bb][\/et_pb_image][\/et_pb_column][et_pb_column type=\u00bb1_2&#8243; module_class=\u00bbidw-vertical-align\u00bb _builder_version=\u00bb4.25.1&#8243; _module_preset=\u00bbdefault\u00bb global_colors_info=\u00bb{}\u00bb][et_pb_text _builder_version=\u00bb4.25.1&#8243; _module_preset=\u00bbdefault\u00bb header_2_font=\u00bb||||||||\u00bb header_2_text_color=\u00bbgcid-primary-color\u00bb header_2_font_size=\u00bb60px\u00bb header_2_line_height=\u00bb1.1em\u00bb custom_margin=\u00bb||0px||false|false\u00bb link_option_url=\u00bbhttps:\/\/amerfarma.com\/para-laboratorios\/\u00bb header_2_font_size_tablet=\u00bb36px\u00bb header_2_font_size_phone=\u00bb36px\u00bb header_2_font_size_last_edited=\u00bbon|tablet\u00bb global_colors_info=\u00bb{%22gcid-primary-color%22:%91%22header_2_text_color%22%93}\u00bb]<\/p>\n<h2>Socios de los<br \/>laboratorios<\/h2>\n<p>[\/et_pb_text][et_pb_text _builder_version=\u00bb4.25.1&#8243; _module_preset=\u00bbdefault\u00bb text_font=\u00bb||||||||\u00bb text_font_size=\u00bb20px\u00bb text_line_height=\u00bb1.5em\u00bb custom_margin=\u00bb||20px||false|false\u00bb global_colors_info=\u00bb{}\u00bb]<\/p>\n<p>Trabajamos junto a los laboratorios para impulsar su crecimiento en el sector privado. Ofrecemos formaci\u00f3n, promoci\u00f3n cient\u00edfica, campa\u00f1as de divulgaci\u00f3n y log\u00edstica especializada, garantizando que sus productos lleguen con eficacia y seguridad a farmacias, hospitales y cl\u00ednicas, generando confianza y resultados.<\/p>\n<p>[\/et_pb_text][et_pb_button button_url=\u00bbhttps:\/\/amerfarma.com\/servicios-a-laboratorios\/\u00bb button_text=\u00bbqu\u00e9 ofrecemos\u00bb _builder_version=\u00bb4.25.1&#8243; _module_preset=\u00bbdefault\u00bb global_colors_info=\u00bb{}\u00bb][\/et_pb_button][\/et_pb_column][\/et_pb_row][\/et_pb_section][et_pb_section fb_built=\u00bb1&#8243; custom_padding_last_edited=\u00bbon|tablet\u00bb _builder_version=\u00bb4.25.1&#8243; _module_preset=\u00bbdefault\u00bb background_image=\u00bbhttps:\/\/amerfarma.com\/wp-content\/uploads\/2025\/10\/articulos-noticias-amerfarma.jpg\u00bb parallax=\u00bbon\u00bb custom_margin=\u00bb||||false|false\u00bb custom_padding=\u00bb130px||130px||true|false\u00bb custom_padding_tablet=\u00bb30px||30px||true|false\u00bb custom_padding_phone=\u00bb30px||30px||true|false\u00bb global_colors_info=\u00bb{}\u00bb][et_pb_row _builder_version=\u00bb4.25.1&#8243; _module_preset=\u00bbdefault\u00bb global_colors_info=\u00bb{}\u00bb][et_pb_column type=\u00bb4_4&#8243; _builder_version=\u00bb4.25.1&#8243; _module_preset=\u00bbdefault\u00bb global_colors_info=\u00bb{}\u00bb][et_pb_text _builder_version=\u00bb4.25.1&#8243; _module_preset=\u00bbdefault\u00bb header_2_font=\u00bb|300|||||||\u00bb header_2_text_align=\u00bbcenter\u00bb header_2_text_color=\u00bb#FFFFFF\u00bb header_2_font_size=\u00bb55px\u00bb custom_margin=\u00bb||0px||false|false\u00bb header_2_font_size_tablet=\u00bb36px\u00bb header_2_font_size_phone=\u00bb36px\u00bb header_2_font_size_last_edited=\u00bbon|tablet\u00bb global_colors_info=\u00bb{}\u00bb]<\/p>\n<h2>BLOG Y NOTICIAS<\/h2>\n<p>[\/et_pb_text][et_pb_divider divider_position=\u00bbcenter\u00bb _builder_version=\u00bb4.25.1&#8243; _module_preset=\u00bbdefault\u00bb custom_margin=\u00bb||17px||false|false\u00bb global_colors_info=\u00bb{}\u00bb][\/et_pb_divider][et_pb_blog fullwidth=\u00bboff\u00bb _builder_version=\u00bb4.25.1&#8243; _module_preset=\u00bbdefault\u00bb header_font=\u00bb|600|||||||\u00bb header_text_color=\u00bbgcid-primary-color\u00bb header_font_size=\u00bb20px\u00bb body_font_size=\u00bb17px\u00bb meta_font_size=\u00bb13px\u00bb border_radii=\u00bbon|3px|3px|3px|3px\u00bb border_width_all=\u00bb0px\u00bb box_shadow_style=\u00bbpreset1&#8243; box_shadow_color=\u00bbrgba(0,0,0,0.1)\u00bb global_colors_info=\u00bb{%22gcid-primary-color%22:%91%22header_text_color%22%93}\u00bb][\/et_pb_blog][et_pb_button button_url=\u00bbhttps:\/\/amerfarma.com\/blog\/\u00bb button_text=\u00bbVer m\u00e1s art\u00edculos\u00bb button_alignment=\u00bbcenter\u00bb _builder_version=\u00bb4.25.1&#8243; _module_preset=\u00bbdefault\u00bb global_colors_info=\u00bb{}\u00bb][\/et_pb_button][\/et_pb_column][\/et_pb_row][\/et_pb_section]<\/p>\n","protected":false},"excerpt":{"rendered":"<p>QUI\u00c9NES SOMOSNuestradistribuci\u00f3nSomos un distribuidor farmac\u00e9utico de referencia en Espa\u00f1a, especializado en llevar medicamentos y vacunas con m\u00e1xima seguridad. Garantizamos trazabilidad, log\u00edstica eficiente y colaboraci\u00f3n estrat\u00e9gica con laboratorios, farmacias y hospitales, asegurando que cada producto llegue puntual y en condiciones \u00f3ptimas a los pacientes.Valor a\u00f1adidoComo partner en trazabilidad, ofrecemos a los laboratorios control total sobre el [&hellip;]<\/p>\n","protected":false},"author":1,"featured_media":0,"parent":0,"menu_order":0,"comment_status":"closed","ping_status":"closed","template":"","meta":{"_et_pb_use_builder":"on","_et_pb_old_content":"","_et_gb_content_width":"","footnotes":""},"class_list":["post-12","page","type-page","status-publish","hentry"],"_links":{"self":[{"href":"https:\/\/amerfarma.com\/en\/wp-json\/wp\/v2\/pages\/12","targetHints":{"allow":["GET"]}}],"collection":[{"href":"https:\/\/amerfarma.com\/en\/wp-json\/wp\/v2\/pages"}],"about":[{"href":"https:\/\/amerfarma.com\/en\/wp-json\/wp\/v2\/types\/page"}],"author":[{"embeddable":true,"href":"https:\/\/amerfarma.com\/en\/wp-json\/wp\/v2\/users\/1"}],"replies":[{"embeddable":true,"href":"https:\/\/amerfarma.com\/en\/wp-json\/wp\/v2\/comments?post=12"}],"version-history":[{"count":76,"href":"https:\/\/amerfarma.com\/en\/wp-json\/wp\/v2\/pages\/12\/revisions"}],"predecessor-version":[{"id":839,"href":"https:\/\/amerfarma.com\/en\/wp-json\/wp\/v2\/pages\/12\/revisions\/839"}],"wp:attachment":[{"href":"https:\/\/amerfarma.com\/en\/wp-json\/wp\/v2\/media?parent=12"}],"curies":[{"name":"wp","href":"https:\/\/api.w.org\/{rel}","templated":true}]}}